{"id":2084,"date":"2026-02-12T13:12:40","date_gmt":"2026-02-12T12:12:40","guid":{"rendered":"https:\/\/camping-leclupeau.com\/camping-activites-cherveix-cubas\/"},"modified":"2026-03-23T14:37:05","modified_gmt":"2026-03-23T13:37:05","slug":"campsite-activities-cherveix-cubas","status":"publish","type":"page","link":"https:\/\/camping-leclupeau.com\/en\/campsite-activities-cherveix-cubas\/","title":{"rendered":"Leisure and activities"},"content":{"rendered":"\n<section class=\"wp-block-group section-1 has-global-padding is-layout-constrained wp-container-core-group-is-layout-c5903013 wp-block-group-is-layout-constrained\" style=\"padding-right:0px;padding-left:0px\">\n<div class=\"wp-block-columns content is-layout-flex wp-container-core-columns-is-layout-28f84493 wp-block-columns-is-layout-flex\">\n<div class=\"wp-block-column left is-layout-flow wp-block-column-is-layout-flow\" style=\"padding-top:6rem;padding-left:6rem\">\n<figure class=\"wp-block-image size-full is-resized\"><img decoding=\"async\" width=\"377\" height=\"377\" src=\"https:\/\/camping-leclupeau.com\/wp-content\/uploads\/2026\/02\/dessin-boussole-jaune.png\" alt=\"yellow compass design\" class=\"wp-image-1242\" style=\"width:265px\"\/><\/figure>\n\n\n\n<h1 class=\"wp-block-heading has-custom-color-1-color has-text-color has-link-color wp-elements-4fbbb8520fe7b1749f6783cb89c91de9\" style=\"margin-bottom:3rem;font-style:normal;font-weight:400\"><strong>Campsite with activities<\/strong> near P\u00e9rigueux<\/h1>\n\n\n\n<p>Discover our campsite with activities near P\u00e9rigueux, ideally located just a stone&#8217;s throw from the charming village of Hautefort. Perched in the heart of unspoilt nature, it offers you a peaceful setting where you can finally breathe&#8230; while enjoying <a href=\"https:\/\/camping-leclupeau.com\/en\/family-campsite-cherveix-cubas\/\" data-type=\"page\" data-id=\"1053\">numerous services<\/a> and <strong>activities designed for the whole family<\/strong>. <\/p>\n\n\n\n<p>Here, you&#8217;ll alternate between walks, fun, cultural discoveries and real moments of conviviality around the river or on the terrace. With outdoor activities, heritage to explore and a warm atmosphere, it&#8217;s <em>the<\/em> perfect spot for an authentic, fun-filled vacation that&#8217;s 100% Dordogne.   <\/p>\n<\/div>\n\n\n\n<div class=\"wp-block-column right has-base-2-background-color has-background is-layout-flow wp-block-column-is-layout-flow\" style=\"border-top-left-radius:30px;border-top-right-radius:0px;border-bottom-left-radius:0px;border-bottom-right-radius:0px;padding-top:2rem;padding-right:2rem;padding-bottom:2rem;padding-left:2rem\">\n<figure class=\"wp-block-image size-full has-custom-border\"><img decoding=\"async\" width=\"2000\" height=\"1687\" src=\"https:\/\/camping-leclupeau.com\/wp-content\/uploads\/2026\/02\/activites-pres-de-perigueux.jpg\" alt=\"activities near perigueux\" class=\"wp-image-1881\" style=\"border-top-left-radius:30px;border-top-right-radius:30px;border-bottom-left-radius:448px;border-bottom-right-radius:448px\"\/><\/figure>\n<\/div>\n<\/div>\n<\/section>\n\n<section class=\"wp-block-group section-3 has-custom-color-1-background-color has-background has-global-padding is-layout-constrained wp-container-core-group-is-layout-4a8df243 wp-block-group-is-layout-constrained\" style=\"margin-top:0px;margin-bottom:0px;padding-top:0px;padding-right:0px;padding-bottom:4rem;padding-left:0px\">\n<div class=\"wp-block-cover gt-multiple-images-cover has-slider\" style=\"padding-top:0;padding-right:0rem;padding-bottom:0;padding-left:0rem;min-height:100vh;aspect-ratio:unset;\" data-image-ids=\"[1828,1886,1875]\"><div class=\"gt-is-slider swiper-container\" data-swiper=\"{&quot;spaceBetween&quot;:0,&quot;slidesPerView&quot;:1,&quot;pagination&quot;:{&quot;el&quot;:&quot;.swiper-pagination&quot;,&quot;dynamicBullets&quot;:true,&quot;clickable&quot;:true,&quot;type&quot;:&quot;bullets&quot;},&quot;navigation&quot;:{&quot;nextEl&quot;:&quot;.swiper-button-next&quot;,&quot;prevEl&quot;:&quot;.swiper-button-prev&quot;},&quot;breakpoints&quot;:[{&quot;slidesPerView&quot;:1}],&quot;effect&quot;:&quot;fade&quot;}\"><div class=\"swiper-wrapper\"><div class=\"swiper-slide\"><img decoding=\"async\" src=\"https:\/\/camping-leclupeau.com\/wp-content\/uploads\/2026\/02\/espace-jeux.jpg\" alt=\"espace jeux\" class=\"gt-cover-image\" \/><\/div><div class=\"swiper-slide\"><img decoding=\"async\" src=\"https:\/\/camping-leclupeau.com\/wp-content\/uploads\/2026\/02\/parc-jeux-camping-perigord.jpg\" alt=\"parc jeux camping perigord\" class=\"gt-cover-image\" \/><\/div><div class=\"swiper-slide\"><img decoding=\"async\" src=\"https:\/\/camping-leclupeau.com\/wp-content\/uploads\/2026\/02\/canoe-perigord-1.jpg\" alt=\"canoe perigord\" class=\"gt-cover-image\" \/><\/div><\/div><\/div><span aria-hidden=\"true\" class=\"wp-block-cover__background has-background-dim-70 has-background-dim has-background-gradient\" style=\"background:linear-gradient(90deg,rgba(255,255,255,0) 0%,rgb(0,0,0) 100%)\"><\/span><div class=\"wp-block-cover__inner-container has-global-padding is-layout-constrained wp-container-core-cover-is-layout-332d036f wp-block-cover-is-layout-constrained\">\n<div class=\"wp-block-columns is-layout-flex wp-container-core-columns-is-layout-65a7aca3 wp-block-columns-is-layout-flex\">\n<div class=\"wp-block-column is-vertically-aligned-bottom left is-layout-flow wp-block-column-is-layout-flow\" style=\"flex-basis:50%\">\n<div class=\"wp-block-group group-bullets is-nowrap is-layout-flex wp-container-core-group-is-layout-1d42571d wp-block-group-is-layout-flex\">\n<div class=\"wp-block-group bullet active has-custom-color-1-background-color has-background has-global-padding is-layout-constrained wp-container-core-group-is-layout-7bca0983 wp-block-group-is-layout-constrained\" style=\"border-top-left-radius:30px;border-top-right-radius:30px;border-bottom-left-radius:215px;border-bottom-right-radius:215px;padding-top:1rem;padding-right:var(--wp--preset--spacing--10);padding-bottom:1rem;padding-left:var(--wp--preset--spacing--10)\">\n<figure class=\"wp-block-image size-full has-custom-border\"><img decoding=\"async\" width=\"2000\" height=\"1125\" src=\"https:\/\/camping-leclupeau.com\/wp-content\/uploads\/2026\/02\/espace-jeux.jpg\" alt=\"games area\" class=\"wp-image-1828\" style=\"border-top-left-radius:30px;border-top-right-radius:30px;border-bottom-left-radius:215px;border-bottom-right-radius:215px\"\/><\/figure>\n<\/div>\n\n\n\n<div class=\"wp-block-group bullet has-custom-color-1-background-color has-background has-global-padding is-layout-constrained wp-container-core-group-is-layout-7bca0983 wp-block-group-is-layout-constrained\" style=\"border-top-left-radius:30px;border-top-right-radius:30px;border-bottom-left-radius:215px;border-bottom-right-radius:215px;padding-top:1rem;padding-right:var(--wp--preset--spacing--10);padding-bottom:1rem;padding-left:var(--wp--preset--spacing--10)\">\n<figure class=\"wp-block-image size-full has-custom-border\"><img decoding=\"async\" width=\"2000\" height=\"1250\" src=\"https:\/\/camping-leclupeau.com\/wp-content\/uploads\/2026\/02\/parc-jeux-camping-perigord.jpg\" alt=\"playground campsite perigord\" class=\"wp-image-1886\" style=\"border-top-left-radius:30px;border-top-right-radius:30px;border-bottom-left-radius:215px;border-bottom-right-radius:215px\"\/><\/figure>\n<\/div>\n\n\n\n<div class=\"wp-block-group bullet has-custom-color-1-background-color has-background has-global-padding is-layout-constrained wp-container-core-group-is-layout-e242f2a7 wp-block-group-is-layout-constrained\" style=\"border-top-left-radius:215px;border-top-right-radius:215px;border-bottom-left-radius:30px;border-bottom-right-radius:30px;padding-top:var(--wp--preset--spacing--10);padding-right:1rem;padding-bottom:var(--wp--preset--spacing--10);padding-left:1rem\">\n<figure class=\"wp-block-image size-full has-custom-border\"><img decoding=\"async\" width=\"2000\" height=\"1335\" src=\"https:\/\/camping-leclupeau.com\/wp-content\/uploads\/2026\/02\/canoe-perigord-1.jpg\" alt=\"canoe perigord\" class=\"wp-image-1875\" style=\"border-top-left-radius:215px;border-top-right-radius:215px;border-bottom-left-radius:30px;border-bottom-right-radius:30px\"\/><\/figure>\n<\/div>\n<\/div>\n<\/div>\n\n\n\n<div class=\"wp-block-column right is-layout-flow wp-block-column-is-layout-flow\" style=\"padding-top:6rem;padding-right:12rem;padding-bottom:6rem;flex-basis:50%\">\n<h2 class=\"wp-block-heading has-text-align-left has-base-2-color has-text-color has-link-color wp-elements-f650e00f3700a671ed0f56d06cdf3b8f\" style=\"margin-top:3rem;margin-right:0;margin-bottom:3rem;font-style:normal;font-weight:400\"><strong>Playground and sports facilities<\/strong> for all ages<\/h2>\n\n\n\n<p class=\"has-base-2-color has-text-color has-link-color wp-elements-bb3842890b94842124dfb32ff9a3e3b0\">At Le Clupeau, a <a href=\"https:\/\/camping-leclupeau.com\/en\/\" data-type=\"page\" data-id=\"9\">campsite in the heart of P\u00e9rigord<\/a>, our mission is to get you moving, laughing, breathing&#8230; in short, enjoying! There&#8217;s something for everyone here. The kids head off to <strong>the playground<\/strong> &#8211; including slides, sandpit and tree houses &#8211; while you keep an eye on things from <strong>the shady terrace<\/strong>, with a drink in hand (under responsible supervision, of course).  <\/p>\n\n\n\n<p>Want to let off some steam? The <strong>badminton and soccer pitches<\/strong> await you for epic matches where everyone cheats a little, but in good spirits. And for the champions of a good atmosphere, head for the <strong>ping-pong<\/strong>, <strong>billiards<\/strong> or <strong>table soccer<\/strong> tables: enough to rekindle the competitive spirit&#8230; or trigger a few laughs.  <\/p>\n\n\n\n<p class=\"has-base-2-color has-text-color has-link-color wp-elements-cf330bfa9a9e62017b70d31f453aa409\">And for nature lovers, there&#8217;s a jackpot: almost <strong>100 km of marked trails<\/strong> for walking, running or cycling through the P\u00e9rigord countryside.<br\/>Here, everyone creates their own pace, their own adventures&#8230; and above all, <strong>their own unforgettable memories<\/strong>.<\/p>\n<\/div>\n<\/div>\n<\/div><\/div>\n<\/section>\n\n<section class=\"wp-block-group section-5 not-slider has-custom-color-1-background-color has-background has-global-padding is-layout-constrained wp-container-core-group-is-layout-116c0f9c wp-block-group-is-layout-constrained\" style=\"margin-top:0px;margin-bottom:0px;padding-top:6rem;padding-right:4rem;padding-bottom:6rem;padding-left:4rem\">\n<div class=\"wp-block-columns are-vertically-aligned-center is-layout-flex wp-container-core-columns-is-layout-b23a18ed wp-block-columns-is-layout-flex\">\n<div class=\"wp-block-column is-vertically-aligned-center right is-layout-flow wp-block-column-is-layout-flow\" style=\"flex-basis:20%\">\n<div class=\"wp-block-group has-global-padding is-layout-constrained wp-container-core-group-is-layout-12243e0f wp-block-group-is-layout-constrained\">\n<figure class=\"wp-block-image size-full has-custom-border\"><img decoding=\"async\" width=\"1000\" height=\"667\" src=\"https:\/\/camping-leclupeau.com\/wp-content\/uploads\/2026\/02\/bibliotheque.jpg\" alt=\"library\" class=\"wp-image-1649\" style=\"border-top-left-radius:166px;border-top-right-radius:166px;border-bottom-left-radius:30px;border-bottom-right-radius:30px;aspect-ratio:3\/4;object-fit:cover\"\/><\/figure>\n<\/div>\n<\/div>\n\n\n\n<div class=\"wp-block-column is-vertically-aligned-center center has-base-color has-text-color has-link-color wp-elements-fb0790745dde84ff6fd1b523d31ed426 is-layout-flow wp-block-column-is-layout-flow\" style=\"flex-basis:40%\">\n<h2 class=\"wp-block-heading has-text-align-left has-base-2-color has-text-color has-link-color wp-elements-56df4ff49de0e9022e2dda054c547522\" style=\"margin-top:3rem;margin-right:0;margin-bottom:3rem\"> <strong>Games area and library: <\/strong>100% leisure activities for young and old<\/h2>\n\n\n\n<p class=\"has-base-2-color has-text-color has-link-color wp-elements-c9d48686799a853d3617d6867117a63f\" style=\"margin-bottom:3rem\">At a campsite with activities in P\u00e9rigord, sharing moments is not an option: it&#8217;s almost a tradition! And with <strong>Marie and Geoffrey<\/strong>, it&#8217;s impossible to miss out. <\/p>\n\n\n\n<p class=\"has-base-2-color has-text-color has-link-color wp-elements-ecd68628dd4b0beaa66500082103f797\" style=\"margin-bottom:3rem\">These two are true entertainers at heart: passionate about <strong>board games<\/strong>, they can smell a game like others smell a barbecue. The result: they get everyone into their good mood and instantly create an atmosphere where you feel at home (or even better!). <\/p>\n\n\n    <div id=\"gt-fse-lire-plus-69e1abde8fc03\" class=\"gt-fse-lire-plus\" style=\"--min-height: 130px; background-color: #316e5f;\">\n        <input id=\"gt-fse-lire-plus-69e1abde8fc03-toggle\" type=\"checkbox\" class=\"gt-fse-lire-plus__toggle\" \/>\n        <label for=\"gt-fse-lire-plus-69e1abde8fc03-toggle\" class=\"gt-fse-lire-plus__toggle-label\">\n            <span>Read more<\/span>\n            <span>Read less<\/span>\n        <\/label>\n        <div class=\"gt-fse-lire-plus__content\">\n            \n\n<p>The <strong>play area<\/strong> has been designed as a cheerful little cocoon: children will find <strong>toys<\/strong> to trigger their laughter and imagination, while older children will hesitate between a cooperative game&#8230; or a great classic that will inevitably end up in bad faith.<\/p>\n\n\n\n<p>Right next door, <strong>the library<\/strong> awaits you with novels, comics and children&#8217;s books: perfect for a quiet read or an escape between two laughs.<\/p>\n\n\n\n<p>Here, whether you want to read, play, challenge, have a laugh or just have a good time, you&#8217;re bound to find what you&#8217;re looking for.<\/p>\n\n\n\n<p><strong>At Le Clupeau, leisure activities are 100% fun&#8230; and 200% good fun!<\/strong><\/p>\n\n\n\n<p class=\"has-base-2-color has-text-color has-link-color wp-elements-9caa2c073a020dce4e612a6c76af1990\" style=\"margin-bottom:3rem\">Finally, a wide choice of<strong> hiking trails starting from the campsite<\/strong> (120 km of signposted paths in the vicinity) will appeal to walkers and mountain bikers alike.<\/p>\n\n            <div class=\"gt-fse-lire-plus__gradient\" style=\"background: linear-gradient(to bottom,rgba(49,110,95,0) 0%,rgba(49,110,95,1) 100%);\"><\/div>\n        <\/div>\n    <\/div>\n    \n\n\n<section class=\"wp-block-group fake-pagination is-nowrap is-layout-flex wp-container-core-group-is-layout-6c531013 wp-block-group-is-layout-flex\"\/>\n<\/div>\n\n\n\n<div class=\"wp-block-column is-vertically-aligned-center left is-layout-flow wp-block-column-is-layout-flow\" style=\"flex-basis:40%\">\n<div class=\"wp-block-group has-global-padding is-layout-constrained wp-container-core-group-is-layout-12243e0f wp-block-group-is-layout-constrained\">\n<div class=\"wp-block-cover\" style=\"border-top-left-radius:30px;border-top-right-radius:30px;border-bottom-left-radius:300px;border-bottom-right-radius:300px;padding-bottom:6rem\"><img decoding=\"async\" width=\"682\" height=\"1024\" class=\"wp-block-cover__image-background wp-image-1647 size-full\" alt=\"jeux de societes camping dordogne\" src=\"https:\/\/camping-leclupeau.com\/wp-content\/uploads\/2026\/02\/jeux-de-societes-camping-dordogne.jpg\" data-object-fit=\"cover\"\/><span aria-hidden=\"true\" class=\"wp-block-cover__background has-background-dim wp-block-cover__gradient-background has-background-gradient\" style=\"background:linear-gradient(180deg,rgba(7,146,227,0) 3%,rgb(0,0,0) 100%)\"><\/span><div class=\"wp-block-cover__inner-container has-global-padding is-layout-constrained wp-block-cover-is-layout-constrained\">\n<p class=\"has-text-align-center has-large-font-size\"><\/p>\n<\/div><\/div>\n<\/div>\n<\/div>\n<\/div>\n\n\n\n<figure class=\"wp-block-image size-full is-resized svg-background\"><img decoding=\"async\" width=\"427\" height=\"238\" src=\"https:\/\/camping-leclupeau.com\/wp-content\/uploads\/2026\/02\/dessin-van-blanc.png\" alt=\"design van white\" class=\"wp-image-1143\" style=\"width:661px\"\/><\/figure>\n<\/section>\n\n<section class=\"wp-block-group section-maillage has-global-padding is-layout-constrained wp-container-core-group-is-layout-53e62878 wp-block-group-is-layout-constrained\" style=\"margin-top:0px;margin-bottom:8rem;padding-top:0px;padding-bottom:0px\">\n<p class=\"has-text-align-center has-custom-color-1-color has-text-color has-link-color has-caraque-vf-trial-font-family wp-elements-a4dc6206b225b4a3ef7f9373d43e811d\" style=\"margin-top:5rem;margin-right:0;margin-bottom:6rem;font-size:clamp(2.418rem, 2.418rem + ((1vw - 0.2rem) * 3.47), 4.5rem);line-height:0.9\">Discover our rentals, our restaurant and our services<\/p>\n\n\n\n<div data-swiper=\"{&quot;speed&quot;:400,&quot;spaceBetween&quot;:16,&quot;slidesPerView&quot;:3,&quot;createElements&quot;:true,&quot;loop&quot;:true,&quot;freemode&quot;:true,&quot;navigation&quot;:{&quot;nextEl&quot;:&quot;buttonNext&quot;,&quot;prevEl&quot;:&quot;buttonPrev&quot;},&quot;pagination&quot;:{&quot;el&quot;:&quot;.swiper-pagination&quot;,&quot;dynamicBullets&quot;:true},&quot;breakpoints&quot;:{&quot;0&quot;:{&quot;slidesPerView&quot;:1},&quot;768&quot;:{&quot;slidesPerView&quot;:2},&quot;1260&quot;:{&quot;slidesPerView&quot;:3}},&quot;autoplay&quot;:{&quot;delay&quot;:4000000}}\" data-wp-context=\"{}\" data-wp-interactive=\"core\/query\" data-wp-key=\"0\" data-wp-router-region=\"query-0\" class=\"wp-block-query alignwide gt-fse-maillage-query gt-is-slider gt-is-slider-desktop is-layout-flow wp-block-query-is-layout-flow\"><ul class=\"columns-3 wp-block-post-template is-layout-grid wp-container-core-post-template-is-layout-42cbe8f0 wp-block-post-template-is-layout-grid\"><li data-wp-key=\"post-template-item-2078\" class=\"wp-block-post post-2078 page type-page status-publish has-post-thumbnail hentry\">\n<a href=\"https:\/\/camping-leclupeau.com\/en\/mobile-home-rental-cherveix-cubas\/\"    class=\"wp-block-tiptip-hyperlink-group-block\" >\n<div class=\"wp-block-cover is-light\" style=\"border-top-left-radius:30px;border-top-right-radius:30px;border-bottom-left-radius:400px;border-bottom-right-radius:400px;padding-top:4rem;padding-right:4rem;padding-bottom:4rem;padding-left:4rem\"><span aria-hidden=\"true\" class=\"wp-block-cover__background has-background-dim has-background-gradient\" style=\"background:linear-gradient(180deg,rgba(255,255,255,0) 0%,rgb(0,0,0) 100%)\"><\/span><div class=\"wp-block-cover__inner-container has-global-padding is-layout-constrained wp-container-core-cover-is-layout-3968af2f wp-block-cover-is-layout-constrained\">\n<figure class=\"wp-block-image\"><img decoding=\"async\" src=\"https:\/\/camping-leclupeau.com\/wp-content\/uploads\/2026\/02\/location-mobil-homes-pres-de-perigueux.jpg\" alt=\"mobile home rental near perigueux\"\/><\/figure>\n\n\n\n<p class=\"has-text-align-center has-base-2-color has-text-color has-link-color has-caraque-vf-trial-font-family wp-elements-b15004f7f3b13af40474de66a989929b\" style=\"font-size:clamp(1.624rem, 1.624rem + ((1vw - 0.2rem) * 1.877), 2.75rem);font-style:normal;font-weight:400;line-height:1.3;text-transform:uppercase\">Mobile homes<\/p>\n<\/div><\/div>\n<\/a>\n<\/li><li data-wp-key=\"post-template-item-2071\" class=\"wp-block-post post-2071 page type-page status-publish has-post-thumbnail hentry\">\n<a href=\"https:\/\/camping-leclupeau.com\/en\/bar-catering-cherveix-cubas\/\"    class=\"wp-block-tiptip-hyperlink-group-block\" >\n<div class=\"wp-block-cover is-light\" style=\"border-top-left-radius:30px;border-top-right-radius:30px;border-bottom-left-radius:400px;border-bottom-right-radius:400px;padding-top:4rem;padding-right:4rem;padding-bottom:4rem;padding-left:4rem\"><span aria-hidden=\"true\" class=\"wp-block-cover__background has-background-dim has-background-gradient\" style=\"background:linear-gradient(180deg,rgba(255,255,255,0) 0%,rgb(0,0,0) 100%)\"><\/span><div class=\"wp-block-cover__inner-container has-global-padding is-layout-constrained wp-container-core-cover-is-layout-3968af2f wp-block-cover-is-layout-constrained\">\n<figure class=\"wp-block-image\"><img decoding=\"async\" src=\"https:\/\/camping-leclupeau.com\/wp-content\/uploads\/2026\/02\/restaurant-pas-cher-dordogne.jpg\" alt=\"cheap restaurant dordogne\"\/><\/figure>\n\n\n\n<p class=\"has-text-align-center has-base-2-color has-text-color has-link-color has-caraque-vf-trial-font-family wp-elements-b15004f7f3b13af40474de66a989929b\" style=\"font-size:clamp(1.624rem, 1.624rem + ((1vw - 0.2rem) * 1.877), 2.75rem);font-style:normal;font-weight:400;line-height:1.3;text-transform:uppercase\">Restaurant<\/p>\n<\/div><\/div>\n<\/a>\n<\/li><li data-wp-key=\"post-template-item-2114\" class=\"wp-block-post post-2114 page type-page status-publish has-post-thumbnail hentry\">\n<a href=\"https:\/\/camping-leclupeau.com\/en\/family-campsite-cherveix-cubas\/\"    class=\"wp-block-tiptip-hyperlink-group-block\" >\n<div class=\"wp-block-cover is-light\" style=\"border-top-left-radius:30px;border-top-right-radius:30px;border-bottom-left-radius:400px;border-bottom-right-radius:400px;padding-top:4rem;padding-right:4rem;padding-bottom:4rem;padding-left:4rem\"><span aria-hidden=\"true\" class=\"wp-block-cover__background has-background-dim has-background-gradient\" style=\"background:linear-gradient(180deg,rgba(255,255,255,0) 0%,rgb(0,0,0) 100%)\"><\/span><div class=\"wp-block-cover__inner-container has-global-padding is-layout-constrained wp-container-core-cover-is-layout-3968af2f wp-block-cover-is-layout-constrained\">\n<figure class=\"wp-block-image\"><img decoding=\"async\" src=\"https:\/\/camping-leclupeau.com\/wp-content\/uploads\/2026\/02\/accueil-chien-camping-perigueux-e1771585392665.jpg\" alt=\"dog friendly campsite perigueux\"\/><\/figure>\n\n\n\n<p class=\"has-text-align-center has-base-2-color has-text-color has-link-color has-caraque-vf-trial-font-family wp-elements-b15004f7f3b13af40474de66a989929b\" style=\"font-size:clamp(1.624rem, 1.624rem + ((1vw - 0.2rem) * 1.877), 2.75rem);font-style:normal;font-weight:400;line-height:1.3;text-transform:uppercase\">Services<\/p>\n<\/div><\/div>\n<\/a>\n<\/li><\/ul><\/div>\n<\/section>\n","protected":false},"excerpt":{"rendered":"<p>Campsite with activities near P\u00e9rigueux Discover our campsite with activities near P\u00e9rigueux, ideally located just a stone&#8217;s throw from the charming village of Hautefort. Perched in the heart of unspoilt nature, it offers you a peaceful setting where you can finally breathe&#8230; while enjoying numerous services and activities designed for the whole family. Here, you&#8217;ll [&hellip;]<\/p>\n","protected":false},"author":1,"featured_media":2275,"parent":0,"menu_order":0,"comment_status":"closed","ping_status":"closed","template":"","meta":{"_seopress_robots_primary_cat":"","_seopress_titles_title":"Campsite activities near P\u00e9rigueux | Campsite games, sports P\u00e9rigord","_seopress_titles_desc":"Nearby, the P\u00e9rigord Sensations program offers a range of seasonal outdoor activities to discover or rediscover: horseback riding, climbing...","_seopress_robots_index":"","_gt_ctv_global_id":"12680","_gt_ctv_id_group":false,"inline_featured_image":false,"gt_fse_maillage_image":"https:\/\/camping-leclupeau.com\/wp-content\/uploads\/2026\/02\/restaurant-guinguette-dordogne.jpg","gt_fse_maillage_titre":"Auto draft","gt_fse_maillage_alt":"restaurant guinguette dordogne","gt_fse_maillage_resume":"","footnotes":""},"categories":[],"tags":[],"class_list":["post-2084","page","type-page","status-publish","has-post-thumbnail","hentry"],"_links":{"self":[{"href":"https:\/\/camping-leclupeau.com\/en\/wp-json\/wp\/v2\/pages\/2084","targetHints":{"allow":["GET"]}}],"collection":[{"href":"https:\/\/camping-leclupeau.com\/en\/wp-json\/wp\/v2\/pages"}],"about":[{"href":"https:\/\/camping-leclupeau.com\/en\/wp-json\/wp\/v2\/types\/page"}],"author":[{"embeddable":true,"href":"https:\/\/camping-leclupeau.com\/en\/wp-json\/wp\/v2\/users\/1"}],"replies":[{"embeddable":true,"href":"https:\/\/camping-leclupeau.com\/en\/wp-json\/wp\/v2\/comments?post=2084"}],"version-history":[{"count":10,"href":"https:\/\/camping-leclupeau.com\/en\/wp-json\/wp\/v2\/pages\/2084\/revisions"}],"predecessor-version":[{"id":2351,"href":"https:\/\/camping-leclupeau.com\/en\/wp-json\/wp\/v2\/pages\/2084\/revisions\/2351"}],"wp:featuredmedia":[{"embeddable":true,"href":"https:\/\/camping-leclupeau.com\/en\/wp-json\/wp\/v2\/media\/2275"}],"wp:attachment":[{"href":"https:\/\/camping-leclupeau.com\/en\/wp-json\/wp\/v2\/media?parent=2084"}],"wp:term":[{"taxonomy":"category","embeddable":true,"href":"https:\/\/camping-leclupeau.com\/en\/wp-json\/wp\/v2\/categories?post=2084"},{"taxonomy":"post_tag","embeddable":true,"href":"https:\/\/camping-leclupeau.com\/en\/wp-json\/wp\/v2\/tags?post=2084"}],"curies":[{"name":"wp","href":"https:\/\/api.w.org\/{rel}","templated":true}]}}